{"id":5202,"date":"2020-05-08T21:29:00","date_gmt":"2020-05-08T21:29:00","guid":{"rendered":"https:\/\/keijei.eu\/mentions-legales\/"},"modified":"2022-02-11T16:03:35","modified_gmt":"2022-02-11T16:03:35","slug":"mentions-legales","status":"publish","type":"page","link":"https:\/\/keijei.eu\/lu\/mentions-legales\/","title":{"rendered":"Mentions l\u00e9gales"},"content":{"rendered":"\n<p>Le pr\u00e9sent site (le \u00ab Site \u00bb) est \u00e9dit\u00e9 par Hana Group SAS au capital de 32&nbsp;966&nbsp;867,44 euros, immatricul\u00e9e au registre du commerce et des soci\u00e9t\u00e9s de Nanterre sous le num\u00e9ro 810&nbsp;668 145, dont le si\u00e8ge social est situ\u00e9 101- 109 rue Jean Jaur\u00e8s, 92300 Levallois-Perret, France. T\u00e9l : + 33 1 84 76 02 80.<\/p>\n\n\n\n<p>Le Directeur de la publication du Site est : Eduardo ROMERO.<br><br>L\u2019h\u00e9bergement du Site est assur\u00e9 par la soci\u00e9t\u00e9&nbsp;KINSTA Inc., dont le si\u00e8ge social est situ\u00e9 \u00e0 8605 Santa Monica Blvd #92581, West Hollywood, CA 90069, Etats-Unis. T\u00e9l : +44 20 3239 3173.<\/p>\n","protected":false},"excerpt":{"rendered":"<p>Le pr\u00e9sent site (le \u00ab Site \u00bb) est \u00e9dit\u00e9 par Hana Group SAS au capital de 32&nbsp;966&nbsp;867,44 euros, immatricul\u00e9e au registre du commerce et des soci\u00e9t\u00e9s de Nanterre sous le num\u00e9ro 810&nbsp;668 145, dont le si\u00e8ge social est situ\u00e9 101- 109 rue Jean Jaur\u00e8s, 92300 Levallois-Perret, France. T\u00e9l : + 33 1 84 76 02 [&hellip;]<\/p>\n","protected":false},"author":1,"featured_media":0,"parent":0,"menu_order":0,"comment_status":"closed","ping_status":"closed","template":"","meta":{"_acf_changed":false,"footnotes":""},"class_list":["post-5202","page","type-page","status-publish","hentry"],"acf":[],"yoast_head":"<!-- This site is optimized with the Yoast SEO plugin v22.1 - https:\/\/yoast.com\/wordpress\/plugins\/seo\/ -->\n<title>Mentions l\u00e9gales - Kei Jei<\/title>\n<meta name=\"robots\" content=\"index, follow, max-snippet:-1, max-image-preview:large, max-video-preview:-1\" \/>\n<link rel=\"canonical\" href=\"https:\/\/keijei.eu\/lu\/mentions-legales\/\" \/>\n<meta property=\"og:locale\" content=\"en_US\" \/>\n<meta property=\"og:type\" content=\"article\" \/>\n<meta property=\"og:title\" content=\"Mentions l\u00e9gales - Kei Jei\" \/>\n<meta property=\"og:description\" content=\"Le pr\u00e9sent site (le \u00ab Site \u00bb) est \u00e9dit\u00e9 par Hana Group SAS au capital de 32&nbsp;966&nbsp;867,44 euros, immatricul\u00e9e au registre du commerce et des soci\u00e9t\u00e9s de Nanterre sous le num\u00e9ro 810&nbsp;668 145, dont le si\u00e8ge social est situ\u00e9 101- 109 rue Jean Jaur\u00e8s, 92300 Levallois-Perret, France. T\u00e9l : + 33 1 84 76 02 [&hellip;]\" \/>\n<meta property=\"og:url\" content=\"https:\/\/keijei.eu\/lu\/mentions-legales\/\" \/>\n<meta property=\"og:site_name\" content=\"Kei Jei\" \/>\n<meta property=\"article:modified_time\" content=\"2022-02-11T16:03:35+00:00\" \/>\n<meta name=\"twitter:card\" content=\"summary_large_image\" \/>\n<script type=\"application\/ld+json\" class=\"yoast-schema-graph\">{\"@context\":\"https:\/\/schema.org\",\"@graph\":[{\"@type\":\"WebPage\",\"@id\":\"https:\/\/keijei.eu\/lu\/mentions-legales\/\",\"url\":\"https:\/\/keijei.eu\/lu\/mentions-legales\/\",\"name\":\"Mentions l\u00e9gales - Kei Jei\",\"isPartOf\":{\"@id\":\"https:\/\/keijei.eu\/#website\"},\"datePublished\":\"2020-05-08T21:29:00+00:00\",\"dateModified\":\"2022-02-11T16:03:35+00:00\",\"breadcrumb\":{\"@id\":\"https:\/\/keijei.eu\/lu\/mentions-legales\/#breadcrumb\"},\"inLanguage\":\"lu-LU\",\"potentialAction\":[{\"@type\":\"ReadAction\",\"target\":[\"https:\/\/keijei.eu\/lu\/mentions-legales\/\"]}]},{\"@type\":\"BreadcrumbList\",\"@id\":\"https:\/\/keijei.eu\/lu\/mentions-legales\/#breadcrumb\",\"itemListElement\":[{\"@type\":\"ListItem\",\"position\":1,\"name\":\"Home\",\"item\":\"https:\/\/keijei.eu\/lu\/\"},{\"@type\":\"ListItem\",\"position\":2,\"name\":\"Mentions l\u00e9gales\"}]},{\"@type\":\"WebSite\",\"@id\":\"https:\/\/keijei.eu\/#website\",\"url\":\"https:\/\/keijei.eu\/\",\"name\":\"Kei Jei\",\"description\":\"Kei Jei\",\"potentialAction\":[{\"@type\":\"SearchAction\",\"target\":{\"@type\":\"EntryPoint\",\"urlTemplate\":\"https:\/\/keijei.eu\/?s={search_term_string}\"},\"query-input\":\"required name=search_term_string\"}],\"inLanguage\":\"lu-LU\"}]}<\/script>\n<!-- \/ Yoast SEO plugin. -->","yoast_head_json":{"title":"Mentions l\u00e9gales - Kei Jei","robots":{"index":"index","follow":"follow","max-snippet":"max-snippet:-1","max-image-preview":"max-image-preview:large","max-video-preview":"max-video-preview:-1"},"canonical":"https:\/\/keijei.eu\/lu\/mentions-legales\/","og_locale":"en_US","og_type":"article","og_title":"Mentions l\u00e9gales - Kei Jei","og_description":"Le pr\u00e9sent site (le \u00ab Site \u00bb) est \u00e9dit\u00e9 par Hana Group SAS au capital de 32&nbsp;966&nbsp;867,44 euros, immatricul\u00e9e au registre du commerce et des soci\u00e9t\u00e9s de Nanterre sous le num\u00e9ro 810&nbsp;668 145, dont le si\u00e8ge social est situ\u00e9 101- 109 rue Jean Jaur\u00e8s, 92300 Levallois-Perret, France. T\u00e9l : + 33 1 84 76 02 [&hellip;]","og_url":"https:\/\/keijei.eu\/lu\/mentions-legales\/","og_site_name":"Kei Jei","article_modified_time":"2022-02-11T16:03:35+00:00","twitter_card":"summary_large_image","schema":{"@context":"https:\/\/schema.org","@graph":[{"@type":"WebPage","@id":"https:\/\/keijei.eu\/lu\/mentions-legales\/","url":"https:\/\/keijei.eu\/lu\/mentions-legales\/","name":"Mentions l\u00e9gales - Kei Jei","isPartOf":{"@id":"https:\/\/keijei.eu\/#website"},"datePublished":"2020-05-08T21:29:00+00:00","dateModified":"2022-02-11T16:03:35+00:00","breadcrumb":{"@id":"https:\/\/keijei.eu\/lu\/mentions-legales\/#breadcrumb"},"inLanguage":"lu-LU","potentialAction":[{"@type":"ReadAction","target":["https:\/\/keijei.eu\/lu\/mentions-legales\/"]}]},{"@type":"BreadcrumbList","@id":"https:\/\/keijei.eu\/lu\/mentions-legales\/#breadcrumb","itemListElement":[{"@type":"ListItem","position":1,"name":"Home","item":"https:\/\/keijei.eu\/lu\/"},{"@type":"ListItem","position":2,"name":"Mentions l\u00e9gales"}]},{"@type":"WebSite","@id":"https:\/\/keijei.eu\/#website","url":"https:\/\/keijei.eu\/","name":"Kei Jei","description":"Kei Jei","potentialAction":[{"@type":"SearchAction","target":{"@type":"EntryPoint","urlTemplate":"https:\/\/keijei.eu\/?s={search_term_string}"},"query-input":"required name=search_term_string"}],"inLanguage":"lu-LU"}]}},"_links":{"self":[{"href":"https:\/\/keijei.eu\/lu\/wp-json\/wp\/v2\/pages\/5202"}],"collection":[{"href":"https:\/\/keijei.eu\/lu\/wp-json\/wp\/v2\/pages"}],"about":[{"href":"https:\/\/keijei.eu\/lu\/wp-json\/wp\/v2\/types\/page"}],"author":[{"embeddable":true,"href":"https:\/\/keijei.eu\/lu\/wp-json\/wp\/v2\/users\/1"}],"replies":[{"embeddable":true,"href":"https:\/\/keijei.eu\/lu\/wp-json\/wp\/v2\/comments?post=5202"}],"version-history":[{"count":1,"href":"https:\/\/keijei.eu\/lu\/wp-json\/wp\/v2\/pages\/5202\/revisions"}],"predecessor-version":[{"id":5203,"href":"https:\/\/keijei.eu\/lu\/wp-json\/wp\/v2\/pages\/5202\/revisions\/5203"}],"wp:attachment":[{"href":"https:\/\/keijei.eu\/lu\/wp-json\/wp\/v2\/media?parent=5202"}],"curies":[{"name":"wp","href":"https:\/\/api.w.org\/{rel}","templated":true}]}}